{"id":53,"date":"2016-01-24T20:37:56","date_gmt":"2016-01-24T19:37:56","guid":{"rendered":"http:\/\/brueckberger-veedelszoch.netlayout.de\/?page_id=53"},"modified":"2023-01-05T09:11:08","modified_gmt":"2023-01-05T08:11:08","slug":"vorstand","status":"publish","type":"page","link":"https:\/\/www.brueckberger-veedelszoch.de\/?page_id=53","title":{"rendered":"Vorstand"},"content":{"rendered":"\n<div class=\"tx-heading\" style=\"margin-bottom:24px; text-align: left;\"><h2 class=\"tx-heading-tag\" style=\"font-size:24px;\">Pr\u00e4sident<\/h2><\/div>\n\n\n\n<p>Harald Kelter<br>H\u00fcttenweg 48a<br>53721 Siegburg<\/p>\n\n\n\n<a class=\"tx-button\" href=\"mailto:%20fruende@brueckberger-veedelszoch.de\" target=\"_self\" style=\"color: #ffffff; background-color: #1e73be\">E-Mail<\/a>\n\n\n\n<div class=\"tx-divider clearfix\" style=\"margin-top: 30px;margin-bottom: 30px\"><\/div>\n\n\n\n<div class=\"tx-heading\" style=\"margin-bottom:24px; text-align: left;\"><h2 class=\"tx-heading-tag\" style=\"font-size:20px;\">Gesch\u00e4ftsf\u00fchrer- und Zugleiterin<\/h2><\/div>\n\n\n\n<p>Claudia Kelter<br>H\u00fcttenweg 48a<br>53721 Siegburg<\/p>\n\n\n\n<div class=\"tx-divider clearfix\" style=\"margin-top: 30px;margin-bottom: 30px\"><\/div>\n\n\n\n<div class=\"tx-heading\" style=\"margin-bottom:24px; text-align: left;\"><h2 class=\"tx-heading-tag\" style=\"font-size:20px;\">stv. Gesch\u00e4ftsf\u00fchrer &amp; Standartentr\u00e4ger<\/h2><\/div>\n\n\n\n<p>Marc Georg<\/p>\n\n\n\n<div class=\"tx-divider clearfix\" style=\"margin-top: 30px;margin-bottom: 30px\"><\/div>\n\n\n\n<div class=\"tx-heading\" style=\"margin-bottom:24px; text-align: left;\"><h2 class=\"tx-heading-tag\" style=\"font-size:20px;\">Schriftf\u00fchrer<\/h2><\/div>\n\n\n\n<p>Stefanie G\u00f6beler<\/p>\n\n\n\n<div class=\"tx-divider clearfix\" style=\"margin-top: 30px;margin-bottom: 30px\"><\/div>\n\n\n\n<div class=\"tx-heading\" style=\"margin-bottom:24px; text-align: left;\"><h2 class=\"tx-heading-tag\" style=\"font-size:20px;\">Kassierer<\/h2><\/div>\n\n\n\n<p>Michael Franz Burgemeister<\/p>\n\n\n<div class=\"tx-divider clearfix\" style=\"margin-top: 30px;margin-bottom: 30px\"><\/div>\n\n\n\n<div class=\"tx-heading\" style=\"margin-bottom:24px; text-align: left;\"><h2 class=\"tx-heading-tag\" style=\"font-size:20px;\">stv. Kassiererin<\/h2><\/div>\n\n\n\n<p>Daniela Gollmer<\/p>\n\n\n\n<div class=\"tx-divider clearfix\" style=\"margin-top: 30px;margin-bottom: 30px\"><\/div>\n\n\n\n<div class=\"tx-heading\" style=\"margin-bottom:24px; text-align: left;\"><h2 class=\"tx-heading-tag\" style=\"font-size:20px;\">Pressewart<\/h2><\/div>\n\n\n\n<p>Sandra Pl\u00fcmmer<\/p>\n\n\n\n<div class=\"tx-divider clearfix\" style=\"margin-top: 30px;margin-bottom: 30px\"><\/div>\n\n\n<div class=\"tx-heading\" style=\"margin-bottom:24px; text-align: left;\"><h2 class=\"tx-heading-tag\" style=\"font-size:20px;\">Zeugwarte<\/h2><\/div>\n\n\n\n<p>Norbert Knott und Sascha Meis<\/p>\n\n\n<div class=\"tx-divider clearfix\" style=\"margin-top: 30px;margin-bottom: 30px\"><\/div>\n\n\n<div class=\"tx-heading\" style=\"margin-bottom:24px; text-align: left;\"><h2 class=\"tx-heading-tag\" style=\"font-size:20px;\">Kassenpr\u00fcfer<\/h2><\/div>\n\n\n\n<p>Theo Kaiser und Dirk Fuchs<\/p>\n\n\n<div class=\"tx-divider clearfix\" style=\"margin-top: 30px;margin-bottom: 30px\"><\/div>\n\n\n\n<div class=\"tx-heading\" style=\"margin-bottom:24px; text-align: left;\"><h2 class=\"tx-heading-tag\" style=\"font-size:20px;\">Ehrenpr\u00e4sident<\/h2><\/div>\n\n\n\n<p>Rolf Sch\u00e4fer<\/p>\n\n\n\n<p><\/p>\n\n\n\n<p><\/p>\n\n\n\n<p class=\"has-text-align-center has-x-large-font-size\"><img loading=\"lazy\" decoding=\"async\" width=\"500\" height=\"446\" class=\"wp-image-493\" style=\"width: 500px;\" src=\"http:\/\/www.brueckberger-veedelszoch.de\/wp-content\/uploads\/2023\/01\/vorstand-fruende_2022.jpg\" alt=\"\" srcset=\"https:\/\/www.brueckberger-veedelszoch.de\/wp-content\/uploads\/2023\/01\/vorstand-fruende_2022.jpg 1808w, https:\/\/www.brueckberger-veedelszoch.de\/wp-content\/uploads\/2023\/01\/vorstand-fruende_2022-300x267.jpg 300w, https:\/\/www.brueckberger-veedelszoch.de\/wp-content\/uploads\/2023\/01\/vorstand-fruende_2022-1024x912.jpg 1024w, https:\/\/www.brueckberger-veedelszoch.de\/wp-content\/uploads\/2023\/01\/vorstand-fruende_2022-768x684.jpg 768w, https:\/\/www.brueckberger-veedelszoch.de\/wp-content\/uploads\/2023\/01\/vorstand-fruende_2022-1536x1369.jpg 1536w\" sizes=\"auto, (max-width: 500px) 100vw, 500px\" \/><\/p>\n","protected":false},"excerpt":{"rendered":"<p>Harald KelterH\u00fcttenweg 48a53721 Siegburg Claudia KelterH\u00fcttenweg 48a53721 Siegburg Marc Georg Stefanie G\u00f6beler Michael Franz Burgemeister Daniela Gollmer Sandra Pl\u00fcmmer Norbert Knott und Sascha Meis Theo Kaiser und Dirk Fuchs Rolf Sch\u00e4fer<\/p>\n","protected":false},"author":1,"featured_media":0,"parent":46,"menu_order":0,"comment_status":"closed","ping_status":"closed","template":"","meta":{"ngg_post_thumbnail":0,"footnotes":""},"class_list":["post-53","page","type-page","status-publish","hentry"],"_links":{"self":[{"href":"https:\/\/www.brueckberger-veedelszoch.de\/index.php?rest_route=\/wp\/v2\/pages\/53","targetHints":{"allow":["GET"]}}],"collection":[{"href":"https:\/\/www.brueckberger-veedelszoch.de\/index.php?rest_route=\/wp\/v2\/pages"}],"about":[{"href":"https:\/\/www.brueckberger-veedelszoch.de\/index.php?rest_route=\/wp\/v2\/types\/page"}],"author":[{"embeddable":true,"href":"https:\/\/www.brueckberger-veedelszoch.de\/index.php?rest_route=\/wp\/v2\/users\/1"}],"replies":[{"embeddable":true,"href":"https:\/\/www.brueckberger-veedelszoch.de\/index.php?rest_route=%2Fwp%2Fv2%2Fcomments&post=53"}],"version-history":[{"count":35,"href":"https:\/\/www.brueckberger-veedelszoch.de\/index.php?rest_route=\/wp\/v2\/pages\/53\/revisions"}],"predecessor-version":[{"id":496,"href":"https:\/\/www.brueckberger-veedelszoch.de\/index.php?rest_route=\/wp\/v2\/pages\/53\/revisions\/496"}],"up":[{"embeddable":true,"href":"https:\/\/www.brueckberger-veedelszoch.de\/index.php?rest_route=\/wp\/v2\/pages\/46"}],"wp:attachment":[{"href":"https:\/\/www.brueckberger-veedelszoch.de\/index.php?rest_route=%2Fwp%2Fv2%2Fmedia&parent=53"}],"curies":[{"name":"wp","href":"https:\/\/api.w.org\/{rel}","templated":true}]}}