{"id":51,"date":"2016-01-24T20:37:36","date_gmt":"2016-01-24T19:37:36","guid":{"rendered":"http:\/\/brueckberger-veedelszoch.netlayout.de\/?page_id=51"},"modified":"2016-02-10T13:27:46","modified_gmt":"2016-02-10T12:27:46","slug":"geschichte","status":"publish","type":"page","link":"https:\/\/www.brueckberger-veedelszoch.de\/?page_id=51","title":{"rendered":"Geschichte"},"content":{"rendered":"<p style=\"text-align: justify;\">Im Juni 1988 entschieden sich die Eheleute D\u00f6rle und Rolf Sch\u00e4fer (er ist unser Ehrenpr\u00e4sident), Traudel und Josef Meis, Anni und Walter Schmidt sowie Renate und Peter Krey, aus einer Bierlaune heraus, einen Karnevalsumzug am Br\u00fcckberg zu organisieren.<br \/>\nDaf\u00fcr wurde zu sp\u00e4ter Stunde in einer Kneipe der feucht-fr\u00f6hliche Beschluss gefasst, einen Karnevalsverein zu gr\u00fcnden. Ein Name wurde schnell gefunden:<\/p>\n<p style=\"text-align: justify;\">&#8222;Die Fr\u00fcnde vom Br\u00fcckberger Veedelszoch\u201cwurden ins Leben gerufen.<\/p>\n<p style=\"text-align: justify;\">Der Verein verfolgt seitdem die Zwecke, karnevalistisches Brauchtum und Tradition zu wahre und im Besonderen die Organisation und Gestaltung eines karnevalistischen Umzugs auf dem Br\u00fcckberg durchzuf\u00fchren. Damit wurde der Grundstein f\u00fcr den ersten Zoch am Br\u00fcckberg, der fand dann ein Jahr sp\u00e4ter statt, gelegt. Am Anfang waren es nur wenige Gruppen, die der Einladung folgten.<br \/>\nVon Jahr zu Jahr kamen immer mehr Gruppen dazu, so dass wir Jahr f\u00fcr Jahr bis zu 30 Gruppen mit \u00fcber 1000 Teilnehmern beim Zoch haben. Am 23.02.2014 fand dann der 25. Br\u00fcckberger Veedelszoch statt. Heute hat der Verein \u00fcber 40 aktive und inaktive Mitglieder, die jedes Jahr aufs Neue den Veedelszoch auf dem Br\u00fcckberg organisieren.<\/p>\n<p style=\"text-align: justify;\">Doch in den letzten Jahren ist es nicht nur beim Veedelszoch geblieben. Das j\u00e4hrliche Sommerfest findet nicht nur bei den Br\u00fcckbergern gro\u00dfen Anklang. Hier treffen sich Jecken aus Siegburg und Umgebung. An zwei Tagen wird bei leckerem K\u00f6lsch und Grillwurst gefeiert und gelacht. Dazu haben wir in den letzten Jahren eine Weinlaube er\u00f6ffnet. Auch eine kleine Cocktail-Bar wurde von uns ins Leben gerufen. Am Samstagabend durfte auch Live-Musik nicht fehlen.<\/p>\n<p style=\"text-align: justify;\">Im September 2011 haben wir das erste &#8222;karnevalistisches Fu\u00dfballturnier&#8220; durchgef\u00fchrt. Dort haben viele Jecken bewiesen, dass sie auch mit einen Fu\u00dfball umgehen k\u00f6nnen. Den Titel haben sich die &#8222;Husaren Schwarz-Wei\u00df&#8220; gesichert.<\/p>\n<p style=\"text-align: justify;\">Jedes Jahr am 1. Advent findet unser &#8222;Weihnachtsbaumschm\u00fcckfest&#8220; statt. Und das 2014 bereits zum 4. Mal. Hilfe haben wir dabei von der Freiwilligen Feuerwehr &#8222;L\u00f6schgruppe Br\u00fcckberg&#8220; erhalten. Wir haben zusammen einen Weihnachtsbaum auf dem Adolf-Kolping-Platz aufgestellt. Die Br\u00fcckberger Kindergartenkinder und Sch\u00fcler hatten die M\u00f6glichkeit ihren selbstgebastelten Weihnachtsbaumschmuck am Baum aufzuh\u00e4ngen. Es gab leckere Steaks und W\u00fcrstchen, hei\u00dfen Gl\u00fchwein, Kinderpunsch und K\u00f6lsch. Aber auch frische Waffeln durften nicht fehlen.<\/p>\n<p style=\"text-align: justify;\">Am 20.06.2015 haben wir die 1. Br\u00fcckberger Olympiade am Bl\u00fccherplatz durchgef\u00fchrt. Dabei konnten sich die Teams im Bierdeckelweitwurf, Eierh\u00fcrdenlauf oder Torwandschie\u00dfen messen. In insgesamt sieben Disziplinen wurde nach spannenden und lustigen Spielen der Sieger ermittelt. Die Jungs vom Junggesellenverein und M\u00e4nnereih &#8222;Frohsinn&#8220; Br\u00fcckberg e.V. hatten am Ende die meisten Punkte erspielt. Auch die Meterwertung, und somit Gewinner des goldenen Bierkranzes, lie\u00dfen sich die Jungs nicht nehmen. Die Stallberger Tonknubbele haben sich den Sonderpreis f\u00fcr das beste Kost\u00fcm erspielt.<\/p>\n","protected":false},"excerpt":{"rendered":"<p>Im Juni 1988 entschieden sich die Eheleute D\u00f6rle und Rolf Sch\u00e4fer (er ist unser Ehrenpr\u00e4sident), Traudel und Josef Meis, Anni und Walter Schmidt sowie Renate und Peter Krey, aus einer Bierlaune heraus,<a class=\"moretag\" href=\"https:\/\/www.brueckberger-veedelszoch.de\/?page_id=51\">Read More&#8230;<\/a><\/p>\n","protected":false},"author":1,"featured_media":0,"parent":46,"menu_order":0,"comment_status":"closed","ping_status":"closed","template":"","meta":{"ngg_post_thumbnail":0,"footnotes":""},"class_list":["post-51","page","type-page","status-publish","hentry"],"_links":{"self":[{"href":"https:\/\/www.brueckberger-veedelszoch.de\/index.php?rest_route=\/wp\/v2\/pages\/51","targetHints":{"allow":["GET"]}}],"collection":[{"href":"https:\/\/www.brueckberger-veedelszoch.de\/index.php?rest_route=\/wp\/v2\/pages"}],"about":[{"href":"https:\/\/www.brueckberger-veedelszoch.de\/index.php?rest_route=\/wp\/v2\/types\/page"}],"author":[{"embeddable":true,"href":"https:\/\/www.brueckberger-veedelszoch.de\/index.php?rest_route=\/wp\/v2\/users\/1"}],"replies":[{"embeddable":true,"href":"https:\/\/www.brueckberger-veedelszoch.de\/index.php?rest_route=%2Fwp%2Fv2%2Fcomments&post=51"}],"version-history":[{"count":4,"href":"https:\/\/www.brueckberger-veedelszoch.de\/index.php?rest_route=\/wp\/v2\/pages\/51\/revisions"}],"predecessor-version":[{"id":117,"href":"https:\/\/www.brueckberger-veedelszoch.de\/index.php?rest_route=\/wp\/v2\/pages\/51\/revisions\/117"}],"up":[{"embeddable":true,"href":"https:\/\/www.brueckberger-veedelszoch.de\/index.php?rest_route=\/wp\/v2\/pages\/46"}],"wp:attachment":[{"href":"https:\/\/www.brueckberger-veedelszoch.de\/index.php?rest_route=%2Fwp%2Fv2%2Fmedia&parent=51"}],"curies":[{"name":"wp","href":"https:\/\/api.w.org\/{rel}","templated":true}]}}