{"id":281,"date":"2016-04-06T20:36:29","date_gmt":"2016-04-06T18:36:29","guid":{"rendered":"http:\/\/www.brueckberger-veedelszoch.de\/?page_id=281"},"modified":"2016-04-06T20:38:21","modified_gmt":"2016-04-06T18:38:21","slug":"fan-shop","status":"publish","type":"page","link":"https:\/\/www.brueckberger-veedelszoch.de\/?page_id=281","title":{"rendered":"Fan Shop"},"content":{"rendered":"<p>In den 25 Jahren, in denen es die Fr\u00fcnde vom Br\u00fcckberger Veedelszoch nun gibt, sind viele Pins und Orden entstanden.<\/p>\n<p>Zu unserem Jubil\u00e4um haben wir einen neuen Pin.<br \/>\n<span style=\"text-decoration: underline;\"><span style=\"color: #ff0000; text-decoration: underline;\">&#8222;Er ist f\u00fcr 5 \u20ac zu bekommen.&#8220;<\/span><\/span><\/p>\n<p><img loading=\"lazy\" decoding=\"async\" class=\"aligncenter wp-image-286\" src=\"http:\/\/www.brueckberger-veedelszoch.de\/wp-content\/uploads\/2016\/04\/pin_25-jahre-1.jpg\" alt=\"pin_25-jahre\" width=\"147\" height=\"194\" srcset=\"https:\/\/www.brueckberger-veedelszoch.de\/wp-content\/uploads\/2016\/04\/pin_25-jahre-1.jpg 378w, https:\/\/www.brueckberger-veedelszoch.de\/wp-content\/uploads\/2016\/04\/pin_25-jahre-1-227x300.jpg 227w\" sizes=\"auto, (max-width: 147px) 100vw, 147px\" \/><\/p>\n<p>Dabei hat sich auch unser Zoch gr\u00f6\u00dfter Beliebtheit erfreut.<br \/>\nDaher haben wir den Zoch um einen Wagen erweitert.<\/p>\n<p><span style=\"text-decoration: underline;\"><span style=\"color: #ff0000; text-decoration: underline;\">&#8222;Der Clown&#8220; ist f\u00fcr 2 \u20ac zu bekommen.&#8220;<\/span><\/span><\/p>\n<p><img loading=\"lazy\" decoding=\"async\" class=\"aligncenter wp-image-287\" src=\"http:\/\/www.brueckberger-veedelszoch.de\/wp-content\/uploads\/2016\/04\/pin_clown.jpg\" alt=\"pin_clown\" width=\"254\" height=\"227\" srcset=\"https:\/\/www.brueckberger-veedelszoch.de\/wp-content\/uploads\/2016\/04\/pin_clown.jpg 500w, https:\/\/www.brueckberger-veedelszoch.de\/wp-content\/uploads\/2016\/04\/pin_clown-300x268.jpg 300w\" sizes=\"auto, (max-width: 254px) 100vw, 254px\" \/><\/p>\n<p><span style=\"text-decoration: underline;\"><span style=\"color: #ff0000; text-decoration: underline;\">&#8222;Auch die alten Pins sind noch zahlreich vorhanden<\/span><\/span><br \/>\n<span style=\"text-decoration: underline;\"><span style=\"color: #ff0000; text-decoration: underline;\"> und f\u00fcr je 1 \u20ac zu bekommen.&#8220;<\/span><\/span><\/p>\n<table>\n<tbody>\n<tr>\n<td style=\"text-align: center;\" width=\"50%\">\u00a0<img loading=\"lazy\" decoding=\"async\" class=\"aligncenter wp-image-290\" src=\"http:\/\/www.brueckberger-veedelszoch.de\/wp-content\/uploads\/2016\/04\/pin_lok.jpg\" alt=\"pin_lok\" width=\"170\" height=\"159\" srcset=\"https:\/\/www.brueckberger-veedelszoch.de\/wp-content\/uploads\/2016\/04\/pin_lok.jpg 500w, https:\/\/www.brueckberger-veedelszoch.de\/wp-content\/uploads\/2016\/04\/pin_lok-300x280.jpg 300w\" sizes=\"auto, (max-width: 170px) 100vw, 170px\" \/><br \/>\n&#8222;Die Lok&#8220;<\/td>\n<td style=\"text-align: center;\" width=\"50%\">\u00a0<img loading=\"lazy\" decoding=\"async\" class=\"aligncenter wp-image-289\" src=\"http:\/\/www.brueckberger-veedelszoch.de\/wp-content\/uploads\/2016\/04\/pin_dino.jpg\" alt=\"pin_dino\" width=\"170\" height=\"160\" srcset=\"https:\/\/www.brueckberger-veedelszoch.de\/wp-content\/uploads\/2016\/04\/pin_dino.jpg 500w, https:\/\/www.brueckberger-veedelszoch.de\/wp-content\/uploads\/2016\/04\/pin_dino-300x283.jpg 300w\" sizes=\"auto, (max-width: 170px) 100vw, 170px\" \/><br \/>\n&#8222;Der Dino&#8220;<\/td>\n<\/tr>\n<\/tbody>\n<\/table>\n<table>\n<tbody>\n<tr>\n<td style=\"text-align: center;\" width=\"50%\"><img loading=\"lazy\" decoding=\"async\" class=\"aligncenter wp-image-284\" src=\"http:\/\/www.brueckberger-veedelszoch.de\/wp-content\/uploads\/2016\/04\/pin_mohr.jpg\" alt=\"pin_mohr\" width=\"170\" height=\"151\" srcset=\"https:\/\/www.brueckberger-veedelszoch.de\/wp-content\/uploads\/2016\/04\/pin_mohr.jpg 500w, https:\/\/www.brueckberger-veedelszoch.de\/wp-content\/uploads\/2016\/04\/pin_mohr-300x267.jpg 300w\" sizes=\"auto, (max-width: 170px) 100vw, 170px\" \/><br \/>\n&#8222;Der Mohr&#8220;<\/td>\n<td style=\"text-align: center;\" width=\"50%\">\u00a0<img loading=\"lazy\" decoding=\"async\" class=\"aligncenter wp-image-288\" src=\"http:\/\/www.brueckberger-veedelszoch.de\/wp-content\/uploads\/2016\/04\/pin_dame.jpg\" alt=\"pin_dame\" width=\"170\" height=\"145\" srcset=\"https:\/\/www.brueckberger-veedelszoch.de\/wp-content\/uploads\/2016\/04\/pin_dame.jpg 500w, https:\/\/www.brueckberger-veedelszoch.de\/wp-content\/uploads\/2016\/04\/pin_dame-300x256.jpg 300w\" sizes=\"auto, (max-width: 170px) 100vw, 170px\" \/><br \/>\n&#8222;Die Dame&#8220;<\/td>\n<\/tr>\n<\/tbody>\n<\/table>\n<p>&#8222;Unser Schal f\u00fcr die kalte Jahreszeit:&#8220;<\/p>\n<p><img loading=\"lazy\" decoding=\"async\" class=\"aligncenter size-large wp-image-285\" src=\"http:\/\/www.brueckberger-veedelszoch.de\/wp-content\/uploads\/2016\/04\/img_schal-1024x113.jpg\" alt=\"img_schal\" width=\"604\" height=\"67\" srcset=\"https:\/\/www.brueckberger-veedelszoch.de\/wp-content\/uploads\/2016\/04\/img_schal-1024x113.jpg 1024w, https:\/\/www.brueckberger-veedelszoch.de\/wp-content\/uploads\/2016\/04\/img_schal-300x33.jpg 300w, https:\/\/www.brueckberger-veedelszoch.de\/wp-content\/uploads\/2016\/04\/img_schal-768x85.jpg 768w\" sizes=\"auto, (max-width: 604px) 100vw, 604px\" \/><\/p>\n<p>Er ist etwa 150 x 15 cm gro\u00df und in unserer Vereinsfarbe blau-wei\u00df.<br \/>\nDie 10 cm langen Fransen sind blau.<br \/>\n<span style=\"text-decoration: underline;\"><span style=\"color: #ff0000; text-decoration: underline;\"> &#8222;Unser Preis: 15 \u20ac&#8220;<\/span><\/span><\/p>\n<p>Nehmen Sie einfach \u00fcber unser Kontaktformular Verbindung mit uns auf.<\/p>\n","protected":false},"excerpt":{"rendered":"<p>In den 25 Jahren, in denen es die Fr\u00fcnde vom Br\u00fcckberger Veedelszoch nun gibt, sind viele Pins und Orden entstanden. Zu unserem Jubil\u00e4um haben wir einen neuen Pin. &#8222;Er ist f\u00fcr 5<a class=\"moretag\" href=\"https:\/\/www.brueckberger-veedelszoch.de\/?page_id=281\">Read More&#8230;<\/a><\/p>\n","protected":false},"author":1,"featured_media":0,"parent":0,"menu_order":0,"comment_status":"closed","ping_status":"closed","template":"","meta":{"ngg_post_thumbnail":0,"footnotes":""},"class_list":["post-281","page","type-page","status-publish","hentry"],"_links":{"self":[{"href":"https:\/\/www.brueckberger-veedelszoch.de\/index.php?rest_route=\/wp\/v2\/pages\/281","targetHints":{"allow":["GET"]}}],"collection":[{"href":"https:\/\/www.brueckberger-veedelszoch.de\/index.php?rest_route=\/wp\/v2\/pages"}],"about":[{"href":"https:\/\/www.brueckberger-veedelszoch.de\/index.php?rest_route=\/wp\/v2\/types\/page"}],"author":[{"embeddable":true,"href":"https:\/\/www.brueckberger-veedelszoch.de\/index.php?rest_route=\/wp\/v2\/users\/1"}],"replies":[{"embeddable":true,"href":"https:\/\/www.brueckberger-veedelszoch.de\/index.php?rest_route=%2Fwp%2Fv2%2Fcomments&post=281"}],"version-history":[{"count":3,"href":"https:\/\/www.brueckberger-veedelszoch.de\/index.php?rest_route=\/wp\/v2\/pages\/281\/revisions"}],"predecessor-version":[{"id":293,"href":"https:\/\/www.brueckberger-veedelszoch.de\/index.php?rest_route=\/wp\/v2\/pages\/281\/revisions\/293"}],"wp:attachment":[{"href":"https:\/\/www.brueckberger-veedelszoch.de\/index.php?rest_route=%2Fwp%2Fv2%2Fmedia&parent=281"}],"curies":[{"name":"wp","href":"https:\/\/api.w.org\/{rel}","templated":true}]}}